{"id":24,"date":"2017-07-21T12:34:03","date_gmt":"2017-07-21T15:34:03","guid":{"rendered":"http:\/\/www.ramat.com.br\/site\/?page_id=24"},"modified":"2017-07-21T12:34:03","modified_gmt":"2017-07-21T15:34:03","slug":"contato","status":"publish","type":"page","link":"https:\/\/ramat.com.br\/site\/?page_id=24","title":{"rendered":"Contato"},"content":{"rendered":"\t\t<div data-elementor-type=\"wp-page\" data-elementor-id=\"24\" class=\"elementor elementor-24\">\n\t\t\t\t\t\t<section class=\"elementor-section elementor-top-section elementor-element elementor-element-697fe4db elementor-section-boxed elementor-section-height-default elementor-section-height-default\" data-id=\"697fe4db\" data-element_type=\"section\" data-e-type=\"section\">\n\t\t\t\t\t\t<div class=\"elementor-container elementor-column-gap-default\">\n\t\t\t\t\t<div class=\"elementor-column elementor-col-100 elementor-top-column elementor-element elementor-element-6345a64\" data-id=\"6345a64\" data-element_type=\"column\" data-e-type=\"column\">\n\t\t\t<div class=\"elementor-widget-wrap elementor-element-populated\">\n\t\t\t\t\t\t<div class=\"elementor-element elementor-element-6d6aa78a elementor-widget elementor-widget-text-editor\" data-id=\"6d6aa78a\" data-element_type=\"widget\" data-e-type=\"widget\" data-widget_type=\"text-editor.default\">\n\t\t\t\t<div class=\"elementor-widget-container\">\n\t\t\t\t\t\t\t\t\t<h2>Alguma d\u00favida?<\/h2><p>Voc\u00ea pode entrar em contato conosco atrav\u00e9s do formul\u00e1rio de contato abaixo.<\/p><p>Estamos sempre \u00e0 disposi\u00e7\u00e3o para lhe atender e tirar suas d\u00favidas.<\/p>\t\t\t\t\t\t\t\t<\/div>\n\t\t\t\t<\/div>\n\t\t\t\t\t<\/div>\n\t\t<\/div>\n\t\t\t\t\t<\/div>\n\t\t<\/section>\n\t\t\t\t<section class=\"elementor-section elementor-top-section elementor-element elementor-element-99546ae elementor-section-boxed elementor-section-height-default elementor-section-height-default\" data-id=\"99546ae\" data-element_type=\"section\" data-e-type=\"section\">\n\t\t\t\t\t\t<div class=\"elementor-container elementor-column-gap-default\">\n\t\t\t\t\t<div class=\"elementor-column elementor-col-100 elementor-top-column elementor-element elementor-element-875c88e\" data-id=\"875c88e\" data-element_type=\"column\" data-e-type=\"column\">\n\t\t\t<div class=\"elementor-widget-wrap elementor-element-populated\">\n\t\t\t\t\t\t<div class=\"elementor-element elementor-element-acd7cf6 elementor-widget elementor-widget-heading\" data-id=\"acd7cf6\" data-element_type=\"widget\" data-e-type=\"widget\" data-widget_type=\"heading.default\">\n\t\t\t\t<div class=\"elementor-widget-container\">\n\t\t\t\t\t<h2 class=\"elementor-heading-title elementor-size-default\">Formul\u00e1rio de Contato<\/h2>\t\t\t\t<\/div>\n\t\t\t\t<\/div>\n\t\t\t\t<div class=\"elementor-element elementor-element-1ae55c3 elementor-widget elementor-widget-html\" data-id=\"1ae55c3\" data-element_type=\"widget\" data-e-type=\"widget\" data-widget_type=\"html.default\">\n\t\t\t\t<div class=\"elementor-widget-container\">\n\t\t\t\t\t\n<div class=\"wpcf7 no-js\" id=\"wpcf7-f266-o1\" lang=\"pt-BR\" dir=\"ltr\" data-wpcf7-id=\"266\">\n<div class=\"screen-reader-response\"><p role=\"status\" aria-live=\"polite\" aria-atomic=\"true\"><\/p> <ul><\/ul><\/div>\n<form action=\"\/site\/index.php?rest_route=%2Fwp%2Fv2%2Fpages%2F24#wpcf7-f266-o1\" method=\"post\" class=\"wpcf7-form init\" aria-label=\"Formul\u00e1rios de contato\" novalidate=\"novalidate\" data-status=\"init\">\n<fieldset class=\"hidden-fields-container\"><input type=\"hidden\" name=\"_wpcf7\" value=\"266\" \/><input type=\"hidden\" name=\"_wpcf7_version\" value=\"6.1.5\" \/><input type=\"hidden\" name=\"_wpcf7_locale\" value=\"pt_BR\" \/><input type=\"hidden\" name=\"_wpcf7_unit_tag\" value=\"wpcf7-f266-o1\" \/><input type=\"hidden\" name=\"_wpcf7_container_post\" value=\"0\" \/><input type=\"hidden\" name=\"_wpcf7_posted_data_hash\" value=\"\" \/>\n<\/fieldset>\n<p><label> Seu nome<br \/>\n<span class=\"wpcf7-form-control-wrap\" data-name=\"your-name\"><input size=\"40\" maxlength=\"400\" class=\"wpcf7-form-control wpcf7-text wpcf7-validates-as-required\" autocomplete=\"name\" aria-required=\"true\" aria-invalid=\"false\" value=\"\" type=\"text\" name=\"your-name\" \/><\/span> <\/label>\n<\/p>\n<p><label> Seu e-mail<br \/>\n<span class=\"wpcf7-form-control-wrap\" data-name=\"your-email\"><input size=\"40\" maxlength=\"400\" class=\"wpcf7-form-control wpcf7-email wpcf7-validates-as-required wpcf7-text wpcf7-validates-as-email\" autocomplete=\"email\" aria-required=\"true\" aria-invalid=\"false\" value=\"\" type=\"email\" name=\"your-email\" \/><\/span> <\/label>\n<\/p>\n<p><label> Assunto<br \/>\n<span class=\"wpcf7-form-control-wrap\" data-name=\"your-subject\"><input size=\"40\" maxlength=\"400\" class=\"wpcf7-form-control wpcf7-text wpcf7-validates-as-required\" aria-required=\"true\" aria-invalid=\"false\" value=\"\" type=\"text\" name=\"your-subject\" \/><\/span> <\/label>\n<\/p>\n<p><label> Sua mensagem (opcional)<br \/>\n<span class=\"wpcf7-form-control-wrap\" data-name=\"your-message\"><textarea cols=\"40\" rows=\"10\" maxlength=\"2000\" class=\"wpcf7-form-control wpcf7-textarea\" aria-invalid=\"false\" name=\"your-message\"><\/textarea><\/span> <\/label>\n<\/p>\n<p><input class=\"wpcf7-form-control wpcf7-submit has-spinner\" type=\"submit\" value=\"Enviar\" \/>\n<\/p><p style=\"display: none !important;\" class=\"akismet-fields-container\" data-prefix=\"_wpcf7_ak_\"><label>&#916;<textarea name=\"_wpcf7_ak_hp_textarea\" cols=\"45\" rows=\"8\" maxlength=\"100\"><\/textarea><\/label><input type=\"hidden\" id=\"ak_js_1\" name=\"_wpcf7_ak_js\" value=\"119\"\/><script>document.getElementById( \"ak_js_1\" ).setAttribute( \"value\", ( new Date() ).getTime() );<\/script><\/p><div class=\"wpcf7-response-output\" aria-hidden=\"true\"><\/div>\n<\/form>\n<\/div>\n\t\t\t\t<\/div>\n\t\t\t\t<\/div>\n\t\t\t\t\t<\/div>\n\t\t<\/div>\n\t\t\t\t\t<\/div>\n\t\t<\/section>\n\t\t\t\t<\/div>\n\t\t","protected":false},"excerpt":{"rendered":"<p>Alguma d\u00favida? Voc\u00ea pode entrar em contato conosco atrav\u00e9s do formul\u00e1rio de contato abaixo. Estamos sempre \u00e0 disposi\u00e7\u00e3o para lhe&hellip;<\/p>\n","protected":false},"author":1,"featured_media":0,"parent":0,"menu_order":0,"comment_status":"closed","ping_status":"closed","template":"","meta":{"footnotes":""},"class_list":["post-24","page","type-page","status-publish","hentry"],"yoast_head":"<!-- This site is optimized with the Yoast SEO plugin v27.4 - https:\/\/yoast.com\/product\/yoast-seo-wordpress\/ -->\n<title>Contato - RAMAT Exclusive Jewelry<\/title>\n<meta name=\"robots\" content=\"index, follow, max-snippet:-1, max-image-preview:large, max-video-preview:-1\" \/>\n<link rel=\"canonical\" href=\"https:\/\/ramat.com.br\/site\/?page_id=24\" \/>\n<meta property=\"og:locale\" content=\"en_US\" \/>\n<meta property=\"og:type\" content=\"article\" \/>\n<meta property=\"og:title\" content=\"Contato - RAMAT Exclusive Jewelry\" \/>\n<meta property=\"og:description\" content=\"Alguma d\u00favida? Voc\u00ea pode entrar em contato conosco atrav\u00e9s do formul\u00e1rio de contato abaixo. Estamos sempre \u00e0 disposi\u00e7\u00e3o para lhe&hellip;\" \/>\n<meta property=\"og:url\" content=\"https:\/\/ramat.com.br\/site\/?page_id=24\" \/>\n<meta property=\"og:site_name\" content=\"RAMAT Exclusive Jewelry\" \/>\n<meta name=\"twitter:card\" content=\"summary_large_image\" \/>\n<script type=\"application\/ld+json\" class=\"yoast-schema-graph\">{\"@context\":\"https:\\\/\\\/schema.org\",\"@graph\":[{\"@type\":\"WebPage\",\"@id\":\"https:\\\/\\\/ramat.com.br\\\/site\\\/?page_id=24\",\"url\":\"https:\\\/\\\/ramat.com.br\\\/site\\\/?page_id=24\",\"name\":\"Contato - RAMAT Exclusive Jewelry\",\"isPartOf\":{\"@id\":\"https:\\\/\\\/ramat.com.br\\\/site\\\/#website\"},\"datePublished\":\"2017-07-21T15:34:03+00:00\",\"breadcrumb\":{\"@id\":\"https:\\\/\\\/ramat.com.br\\\/site\\\/?page_id=24#breadcrumb\"},\"inLanguage\":\"en-US\",\"potentialAction\":[{\"@type\":\"ReadAction\",\"target\":[\"https:\\\/\\\/ramat.com.br\\\/site\\\/?page_id=24\"]}]},{\"@type\":\"BreadcrumbList\",\"@id\":\"https:\\\/\\\/ramat.com.br\\\/site\\\/?page_id=24#breadcrumb\",\"itemListElement\":[{\"@type\":\"ListItem\",\"position\":1,\"name\":\"Home\",\"item\":\"https:\\\/\\\/ramat.com.br\\\/site\\\/\"},{\"@type\":\"ListItem\",\"position\":2,\"name\":\"Contato\"}]},{\"@type\":\"WebSite\",\"@id\":\"https:\\\/\\\/ramat.com.br\\\/site\\\/#website\",\"url\":\"https:\\\/\\\/ramat.com.br\\\/site\\\/\",\"name\":\"RAMAT Exclusive Jewelry\",\"description\":\"\",\"publisher\":{\"@id\":\"https:\\\/\\\/ramat.com.br\\\/site\\\/#organization\"},\"potentialAction\":[{\"@type\":\"SearchAction\",\"target\":{\"@type\":\"EntryPoint\",\"urlTemplate\":\"https:\\\/\\\/ramat.com.br\\\/site\\\/?s={search_term_string}\"},\"query-input\":{\"@type\":\"PropertyValueSpecification\",\"valueRequired\":true,\"valueName\":\"search_term_string\"}}],\"inLanguage\":\"en-US\"},{\"@type\":\"Organization\",\"@id\":\"https:\\\/\\\/ramat.com.br\\\/site\\\/#organization\",\"name\":\"RAMAT Exclusive Jewelry\",\"url\":\"https:\\\/\\\/ramat.com.br\\\/site\\\/\",\"logo\":{\"@type\":\"ImageObject\",\"inLanguage\":\"en-US\",\"@id\":\"https:\\\/\\\/ramat.com.br\\\/site\\\/#\\\/schema\\\/logo\\\/image\\\/\",\"url\":\"https:\\\/\\\/i0.wp.com\\\/ramat.com.br\\\/site\\\/wp-content\\\/uploads\\\/2025\\\/12\\\/cropped-ramat_horizontal_novo_logotipo-1500px.jpg?fit=1388%2C433&ssl=1\",\"contentUrl\":\"https:\\\/\\\/i0.wp.com\\\/ramat.com.br\\\/site\\\/wp-content\\\/uploads\\\/2025\\\/12\\\/cropped-ramat_horizontal_novo_logotipo-1500px.jpg?fit=1388%2C433&ssl=1\",\"width\":1388,\"height\":433,\"caption\":\"RAMAT Exclusive Jewelry\"},\"image\":{\"@id\":\"https:\\\/\\\/ramat.com.br\\\/site\\\/#\\\/schema\\\/logo\\\/image\\\/\"}}]}<\/script>\n<!-- \/ Yoast SEO plugin. -->","yoast_head_json":{"title":"Contato - RAMAT Exclusive Jewelry","robots":{"index":"index","follow":"follow","max-snippet":"max-snippet:-1","max-image-preview":"max-image-preview:large","max-video-preview":"max-video-preview:-1"},"canonical":"https:\/\/ramat.com.br\/site\/?page_id=24","og_locale":"en_US","og_type":"article","og_title":"Contato - RAMAT Exclusive Jewelry","og_description":"Alguma d\u00favida? Voc\u00ea pode entrar em contato conosco atrav\u00e9s do formul\u00e1rio de contato abaixo. Estamos sempre \u00e0 disposi\u00e7\u00e3o para lhe&hellip;","og_url":"https:\/\/ramat.com.br\/site\/?page_id=24","og_site_name":"RAMAT Exclusive Jewelry","twitter_card":"summary_large_image","schema":{"@context":"https:\/\/schema.org","@graph":[{"@type":"WebPage","@id":"https:\/\/ramat.com.br\/site\/?page_id=24","url":"https:\/\/ramat.com.br\/site\/?page_id=24","name":"Contato - RAMAT Exclusive Jewelry","isPartOf":{"@id":"https:\/\/ramat.com.br\/site\/#website"},"datePublished":"2017-07-21T15:34:03+00:00","breadcrumb":{"@id":"https:\/\/ramat.com.br\/site\/?page_id=24#breadcrumb"},"inLanguage":"en-US","potentialAction":[{"@type":"ReadAction","target":["https:\/\/ramat.com.br\/site\/?page_id=24"]}]},{"@type":"BreadcrumbList","@id":"https:\/\/ramat.com.br\/site\/?page_id=24#breadcrumb","itemListElement":[{"@type":"ListItem","position":1,"name":"Home","item":"https:\/\/ramat.com.br\/site\/"},{"@type":"ListItem","position":2,"name":"Contato"}]},{"@type":"WebSite","@id":"https:\/\/ramat.com.br\/site\/#website","url":"https:\/\/ramat.com.br\/site\/","name":"RAMAT Exclusive Jewelry","description":"","publisher":{"@id":"https:\/\/ramat.com.br\/site\/#organization"},"potentialAction":[{"@type":"SearchAction","target":{"@type":"EntryPoint","urlTemplate":"https:\/\/ramat.com.br\/site\/?s={search_term_string}"},"query-input":{"@type":"PropertyValueSpecification","valueRequired":true,"valueName":"search_term_string"}}],"inLanguage":"en-US"},{"@type":"Organization","@id":"https:\/\/ramat.com.br\/site\/#organization","name":"RAMAT Exclusive Jewelry","url":"https:\/\/ramat.com.br\/site\/","logo":{"@type":"ImageObject","inLanguage":"en-US","@id":"https:\/\/ramat.com.br\/site\/#\/schema\/logo\/image\/","url":"https:\/\/i0.wp.com\/ramat.com.br\/site\/wp-content\/uploads\/2025\/12\/cropped-ramat_horizontal_novo_logotipo-1500px.jpg?fit=1388%2C433&ssl=1","contentUrl":"https:\/\/i0.wp.com\/ramat.com.br\/site\/wp-content\/uploads\/2025\/12\/cropped-ramat_horizontal_novo_logotipo-1500px.jpg?fit=1388%2C433&ssl=1","width":1388,"height":433,"caption":"RAMAT Exclusive Jewelry"},"image":{"@id":"https:\/\/ramat.com.br\/site\/#\/schema\/logo\/image\/"}}]}},"jetpack_sharing_enabled":true,"_links":{"self":[{"href":"https:\/\/ramat.com.br\/site\/index.php?rest_route=\/wp\/v2\/pages\/24","targetHints":{"allow":["GET"]}}],"collection":[{"href":"https:\/\/ramat.com.br\/site\/index.php?rest_route=\/wp\/v2\/pages"}],"about":[{"href":"https:\/\/ramat.com.br\/site\/index.php?rest_route=\/wp\/v2\/types\/page"}],"author":[{"embeddable":true,"href":"https:\/\/ramat.com.br\/site\/index.php?rest_route=\/wp\/v2\/users\/1"}],"replies":[{"embeddable":true,"href":"https:\/\/ramat.com.br\/site\/index.php?rest_route=%2Fwp%2Fv2%2Fcomments&post=24"}],"version-history":[{"count":0,"href":"https:\/\/ramat.com.br\/site\/index.php?rest_route=\/wp\/v2\/pages\/24\/revisions"}],"wp:attachment":[{"href":"https:\/\/ramat.com.br\/site\/index.php?rest_route=%2Fwp%2Fv2%2Fmedia&parent=24"}],"curies":[{"name":"wp","href":"https:\/\/api.w.org\/{rel}","templated":true}]}}